{"id":2015,"date":"2023-07-19T17:44:49","date_gmt":"2023-07-19T17:44:49","guid":{"rendered":"https:\/\/jardinesdelsembrador.com\/?page_id=2015"},"modified":"2025-06-23T20:24:58","modified_gmt":"2025-06-23T20:24:58","slug":"leyes-reglamentos","status":"publish","type":"page","link":"https:\/\/jardinesdelsembrador.com\/index.php\/leyes-reglamentos\/","title":{"rendered":"Reglamentos Camposanto y Crematorio Jardines del Sembrador"},"content":{"rendered":"\n<p class=\"has-medium-font-size\">Este reglamento interno de administraci\u00f3n y de los clientes, especifican las normas administrativas y t\u00e9cnicas que rigen el funcionamiento, administraci\u00f3n y la organizaci\u00f3n del <strong>Camposanto y Crematorio Jardines del Sembrador<\/strong>, y sus clientes en el siguiente contrato se le denominar\u00e1 reglamento.<\/p>\n\n\n\n<div class=\"wp-block-uagb-container uagb-block-d41108b4 alignfull uagb-is-root-container\"><div class=\"uagb-container-inner-blocks-wrap\">\n<div class=\"wp-block-uagb-container uagb-block-b4635380\">\n<figure class=\"wp-block-image size-large is-resized\"><img loading=\"lazy\" decoding=\"async\" width=\"768\" height=\"1024\" src=\"https:\/\/jardinesdelsembrador.com\/wp-content\/uploads\/2025\/06\/IMG-20250521-WA0016-768x1024.jpg\" alt=\"\" class=\"wp-image-2574\" style=\"width:357px;height:auto\" srcset=\"https:\/\/jardinesdelsembrador.com\/wp-content\/uploads\/2025\/06\/IMG-20250521-WA0016-768x1024.jpg 768w, https:\/\/jardinesdelsembrador.com\/wp-content\/uploads\/2025\/06\/IMG-20250521-WA0016-225x300.jpg 225w, https:\/\/jardinesdelsembrador.com\/wp-content\/uploads\/2025\/06\/IMG-20250521-WA0016-1152x1536.jpg 1152w, https:\/\/jardinesdelsembrador.com\/wp-content\/uploads\/2025\/06\/IMG-20250521-WA0016-1536x2048.jpg 1536w, https:\/\/jardinesdelsembrador.com\/wp-content\/uploads\/2025\/06\/IMG-20250521-WA0016-scaled.jpg 1920w\" sizes=\"auto, (max-width: 768px) 100vw, 768px\" \/><\/figure>\n<\/div>\n\n\n\n<div class=\"wp-block-uagb-container uagb-block-74468b1d\">\n<p class=\"has-text-align-center has-large-font-size\"><strong><em>Reglamento Interno<\/em><\/strong><\/p>\n\n\n\n<div data-wp-interactive=\"core\/file\" class=\"wp-block-file\"><object data-wp-bind--hidden=\"!state.hasPdfPreview\" hidden class=\"wp-block-file__embed\" data=\"https:\/\/jardinesdelsembrador.com\/wp-content\/uploads\/2023\/07\/Reglamento.pdf\" type=\"application\/pdf\" style=\"width:100%;height:600px\" aria-label=\"Incrustado de Reglamento.\"><\/object><a id=\"wp-block-file--media-f7c71c3b-0d6e-4ba7-895c-56e20c10065c\" href=\"https:\/\/jardinesdelsembrador.com\/wp-content\/uploads\/2023\/07\/Reglamento.pdf\">Reglamento<\/a><a href=\"https:\/\/jardinesdelsembrador.com\/wp-content\/uploads\/2023\/07\/Reglamento.pdf\" class=\"wp-block-file__button wp-element-button\" download aria-describedby=\"wp-block-file--media-f7c71c3b-0d6e-4ba7-895c-56e20c10065c\">Descarga<\/a><\/div>\n<\/div>\n<\/div><\/div>\n\n\n\n<div class=\"wp-block-uagb-container uagb-block-ce1c31d2 alignfull uagb-is-root-container\"><div class=\"uagb-container-inner-blocks-wrap\">\n<div class=\"wp-block-uagb-container uagb-block-31a545a1\">\n<p class=\"has-text-align-center has-light-green-cyan-background-color has-background has-medium-font-size\"><em><strong>Permiso del Ministerio de Salud y Patente Municipal respectivamente.<\/strong><\/em><\/p>\n<\/div>\n<\/div><\/div>\n\n\n\n<div class=\"wp-block-uagb-container uagb-block-5564ace0 alignfull uagb-is-root-container\"><div class=\"uagb-container-inner-blocks-wrap\">\n<div class=\"wp-block-uagb-container uagb-block-6cc0406e\">\n<figure class=\"wp-block-image size-large is-resized\"><img loading=\"lazy\" decoding=\"async\" width=\"768\" height=\"1024\" src=\"https:\/\/jardinesdelsembrador.com\/wp-content\/uploads\/2023\/07\/WhatsApp-Image-2023-07-14-at-3.48.48-PM-1-768x1024.jpeg\" alt=\"\" class=\"wp-image-2118\" style=\"aspect-ratio:0.750524109014675;width:375px;height:auto\" srcset=\"https:\/\/jardinesdelsembrador.com\/wp-content\/uploads\/2023\/07\/WhatsApp-Image-2023-07-14-at-3.48.48-PM-1-768x1024.jpeg 768w, https:\/\/jardinesdelsembrador.com\/wp-content\/uploads\/2023\/07\/WhatsApp-Image-2023-07-14-at-3.48.48-PM-1-225x300.jpeg 225w, https:\/\/jardinesdelsembrador.com\/wp-content\/uploads\/2023\/07\/WhatsApp-Image-2023-07-14-at-3.48.48-PM-1.jpeg 960w\" sizes=\"auto, (max-width: 768px) 100vw, 768px\" \/><\/figure>\n<\/div>\n\n\n\n<div class=\"wp-block-uagb-container uagb-block-8be0d1b9\">\n<figure class=\"wp-block-image size-large\"><img loading=\"lazy\" decoding=\"async\" width=\"1024\" height=\"768\" src=\"https:\/\/jardinesdelsembrador.com\/wp-content\/uploads\/2023\/07\/WhatsApp-Image-2023-07-14-at-3.46.31-PM-1024x768.jpeg\" alt=\"\" class=\"wp-image-2119\" srcset=\"https:\/\/jardinesdelsembrador.com\/wp-content\/uploads\/2023\/07\/WhatsApp-Image-2023-07-14-at-3.46.31-PM-1024x768.jpeg 1024w, https:\/\/jardinesdelsembrador.com\/wp-content\/uploads\/2023\/07\/WhatsApp-Image-2023-07-14-at-3.46.31-PM-300x225.jpeg 300w, https:\/\/jardinesdelsembrador.com\/wp-content\/uploads\/2023\/07\/WhatsApp-Image-2023-07-14-at-3.46.31-PM-768x576.jpeg 768w, https:\/\/jardinesdelsembrador.com\/wp-content\/uploads\/2023\/07\/WhatsApp-Image-2023-07-14-at-3.46.31-PM.jpeg 1280w\" sizes=\"auto, (max-width: 1024px) 100vw, 1024px\" \/><\/figure>\n<\/div>\n<\/div><\/div>\n\n\n\n<div class=\"wp-block-uagb-container uagb-block-a8c67ffd alignfull uagb-is-root-container\"><div class=\"uagb-container-inner-blocks-wrap\">\n<p class=\"has-text-align-center has-pale-cyan-blue-background-color has-background has-medium-font-size\"><em><strong>Reglamento del Crematorio<\/strong><\/em><\/p>\n\n\n\n<div data-wp-interactive=\"core\/file\" class=\"wp-block-file\"><object data-wp-bind--hidden=\"!state.hasPdfPreview\" hidden class=\"wp-block-file__embed\" data=\"https:\/\/jardinesdelsembrador.com\/wp-content\/uploads\/2023\/07\/Reglamento-Crematorio-Jardines.pdf\" type=\"application\/pdf\" style=\"width:100%;height:600px\" aria-label=\"Incrustado de Reglamento-Crematorio-Jardines.\"><\/object><a id=\"wp-block-file--media-0efc54ef-6123-4512-9f5d-5a8b3760e4c7\" href=\"https:\/\/jardinesdelsembrador.com\/wp-content\/uploads\/2023\/07\/Reglamento-Crematorio-Jardines.pdf\">Reglamento-Crematorio-Jardines<\/a><a href=\"https:\/\/jardinesdelsembrador.com\/wp-content\/uploads\/2023\/07\/Reglamento-Crematorio-Jardines.pdf\" class=\"wp-block-file__button wp-element-button\" download aria-describedby=\"wp-block-file--media-0efc54ef-6123-4512-9f5d-5a8b3760e4c7\">Descarga<\/a><\/div>\n<\/div><\/div>\n","protected":false},"excerpt":{"rendered":"<p>Este reglamento interno de administraci\u00f3n y de los clientes, especifican las normas administrativas y t\u00e9cnicas que rigen el funcionamiento, administraci\u00f3n y la organizaci\u00f3n del Camposanto y Crematorio Jardines del Sembrador, y sus clientes en el siguiente contrato se le denominar\u00e1 reglamento. Reglamento Interno Permiso del Ministerio de Salud y Patente Municipal respectivamente. Reglamento del Crematorio<\/p>\n","protected":false},"author":1,"featured_media":0,"parent":0,"menu_order":0,"comment_status":"closed","ping_status":"closed","template":"","meta":{"_uag_custom_page_level_css":"","site-sidebar-layout":"default","site-content-layout":"","ast-site-content-layout":"default","site-content-style":"default","site-sidebar-style":"default","ast-global-header-display":"","ast-banner-title-visibility":"","ast-main-header-display":"","ast-hfb-above-header-display":"","ast-hfb-below-header-display":"","ast-hfb-mobile-header-display":"","site-post-title":"","ast-breadcrumbs-content":"","ast-featured-img":"","footer-sml-layout":"","theme-transparent-header-meta":"","adv-header-id-meta":"","stick-header-meta":"","header-above-stick-meta":"","header-main-stick-meta":"","header-below-stick-meta":"","astra-migrate-meta-layouts":"set","ast-page-background-enabled":"default","ast-page-background-meta":{"desktop":{"background-color":"","background-image":"","background-repeat":"repeat","background-position":"center center","background-size":"auto","background-attachment":"scroll","background-type":"","background-media":"","overlay-type":"","overlay-color":"","overlay-opacity":"","overlay-gradient":""},"tablet":{"background-color":"","background-image":"","background-repeat":"repeat","background-position":"center center","background-size":"auto","background-attachment":"scroll","background-type":"","background-media":"","overlay-type":"","overlay-color":"","overlay-opacity":"","overlay-gradient":""},"mobile":{"background-color":"","background-image":"","background-repeat":"repeat","background-position":"center center","background-size":"auto","background-attachment":"scroll","background-type":"","background-media":"","overlay-type":"","overlay-color":"","overlay-opacity":"","overlay-gradient":""}},"ast-content-background-meta":{"desktop":{"background-color":"var(--ast-global-color-5)","background-image":"","background-repeat":"repeat","background-position":"center center","background-size":"auto","background-attachment":"scroll","background-type":"","background-media":"","overlay-type":"","overlay-color":"","overlay-opacity":"","overlay-gradient":""},"tablet":{"background-color":"var(--ast-global-color-5)","background-image":"","background-repeat":"repeat","background-position":"center center","background-size":"auto","background-attachment":"scroll","background-type":"","background-media":"","overlay-type":"","overlay-color":"","overlay-opacity":"","overlay-gradient":""},"mobile":{"background-color":"var(--ast-global-color-5)","background-image":"","background-repeat":"repeat","background-position":"center center","background-size":"auto","background-attachment":"scroll","background-type":"","background-media":"","overlay-type":"","overlay-color":"","overlay-opacity":"","overlay-gradient":""}},"footnotes":""},"class_list":["post-2015","page","type-page","status-publish","hentry"],"uagb_featured_image_src":{"full":false,"thumbnail":false,"medium":false,"medium_large":false,"large":false,"1536x1536":false,"2048x2048":false},"uagb_author_info":{"display_name":"Sembrador","author_link":"https:\/\/jardinesdelsembrador.com\/index.php\/author\/sembrador\/"},"uagb_comment_info":0,"uagb_excerpt":"Este reglamento interno de administraci\u00f3n y de los clientes, especifican las normas administrativas y t\u00e9cnicas que rigen el funcionamiento, administraci\u00f3n y la organizaci\u00f3n del Camposanto y Crematorio Jardines del Sembrador, y sus clientes en el siguiente contrato se le denominar\u00e1 reglamento. Reglamento Interno Permiso del Ministerio de Salud y Patente Municipal respectivamente. Reglamento del Crematorio","_links":{"self":[{"href":"https:\/\/jardinesdelsembrador.com\/index.php\/wp-json\/wp\/v2\/pages\/2015","targetHints":{"allow":["GET"]}}],"collection":[{"href":"https:\/\/jardinesdelsembrador.com\/index.php\/wp-json\/wp\/v2\/pages"}],"about":[{"href":"https:\/\/jardinesdelsembrador.com\/index.php\/wp-json\/wp\/v2\/types\/page"}],"author":[{"embeddable":true,"href":"https:\/\/jardinesdelsembrador.com\/index.php\/wp-json\/wp\/v2\/users\/1"}],"replies":[{"embeddable":true,"href":"https:\/\/jardinesdelsembrador.com\/index.php\/wp-json\/wp\/v2\/comments?post=2015"}],"version-history":[{"count":16,"href":"https:\/\/jardinesdelsembrador.com\/index.php\/wp-json\/wp\/v2\/pages\/2015\/revisions"}],"predecessor-version":[{"id":2576,"href":"https:\/\/jardinesdelsembrador.com\/index.php\/wp-json\/wp\/v2\/pages\/2015\/revisions\/2576"}],"wp:attachment":[{"href":"https:\/\/jardinesdelsembrador.com\/index.php\/wp-json\/wp\/v2\/media?parent=2015"}],"curies":[{"name":"wp","href":"https:\/\/api.w.org\/{rel}","templated":true}]}}