{"id":1368,"date":"2020-09-17T07:20:30","date_gmt":"2020-09-17T07:20:30","guid":{"rendered":"https:\/\/jardinesdelsembrador.com\/index.php\/about\/"},"modified":"2023-07-30T15:45:51","modified_gmt":"2023-07-30T15:45:51","slug":"la-empresa","status":"publish","type":"page","link":"https:\/\/jardinesdelsembrador.com\/index.php\/la-empresa\/","title":{"rendered":"La Empresa"},"content":{"rendered":"\n<div class=\"wp-block-uagb-container uagb-block-004436a5 alignfull uagb-is-root-container\"><div class=\"uagb-container-inner-blocks-wrap\">\n<div class=\"wp-block-uagb-advanced-heading uagb-block-be95267f\"><h2 class=\"uagb-heading-text\">Nosotros<\/h2><\/div>\n\n\n\n<div class=\"wp-block-uagb-container uagb-block-1b273b46\">\n<div class=\"wp-block-uagb-container uagb-block-3215a4bd\">\n<div class=\"wp-block-uagb-image uagb-block-d5daed7f wp-block-uagb-image--layout-default wp-block-uagb-image--effect-static wp-block-uagb-image--align-none\"><figure class=\"wp-block-uagb-image__figure\"><img decoding=\"async\" srcset=\"https:\/\/jardinesdelsembrador.com\/wp-content\/uploads\/2023\/07\/reempplazo-1.png \" sizes=\"auto, (max-width: 480px) 150px\" src=\"https:\/\/jardinesdelsembrador.com\/wp-content\/uploads\/2023\/07\/reempplazo-1.png\" alt=\"\" class=\"uag-image-2260\" width=\"600\" height=\"900\" title=\"\" loading=\"lazy\"\/><\/figure><\/div>\n<\/div>\n\n\n\n<div class=\"wp-block-uagb-container uagb-block-d297f305\">\n<p><em>\u00abLo que se siembra crece, lo que se entierra se olvida<\/em>\u00ab<\/p>\n\n\n\n<p><strong><strong> Jardines del Sembrador<\/strong><\/strong> <strong><strong>Camposanto y Crematorio<\/strong><\/strong> es una empresa pionera en ofrecer, en Coto Brus y en la zona sur , innovadores Servicios de cementerio , crematorio, columbarios, y osarios , los cuales facilitan y garantizan el mejor homenaje a todas esas vidas que nos han dejado tanto por recordar y agradecer. Una empresa s\u00f3lida, seria y confiable, que siempre trabaja con un profundo sentimiento humano y un gran compromiso con la comunidad. Nuestro objetivo principal es el de brindar, a todas las familias que perdieron a un Ser Querido, la tranquilidad y el apoyo incondicional en los momentos dif\u00edciles.<\/p>\n\n\n\n<p><strong><strong> Jardines del Sembrador<\/strong><\/strong> <strong><strong>Camposanto y Crematorio<\/strong><\/strong> es el producto de la unificaci\u00f3n de ideas, del entusiasmo y dedicaci\u00f3n de personas emprendedoras y din\u00e1micas en procura con el desarrollo de nuestro cant\u00f3n y zona sur.<\/p>\n\n\n\n<div class=\"wp-block-uagb-advanced-heading uagb-block-40f6c4be\"><\/div>\n<\/div>\n<\/div>\n<\/div><\/div>\n\n\n\n<div class=\"wp-block-uagb-container uagb-block-7f5bede4 alignfull uagb-is-root-container\"><div class=\"uagb-container-inner-blocks-wrap\">\n<div class=\"wp-block-uagb-advanced-heading uagb-block-5ff74f8e\"><h2 class=\"uagb-heading-text\">La Gerencia<\/h2><\/div>\n\n\n\n<div class=\"wp-block-uagb-advanced-heading uagb-block-7b12bf4e\"><p class=\"uagb-heading-text\">La empresa <strong> Jardines del Sembrador<\/strong> <strong>Camposanto y Crematorio<\/strong>, est\u00e1 dirigido por dos gerentes, ellos son los se\u00f1ores:<\/p><\/div>\n\n\n\n<div class=\"wp-block-uagb-advanced-heading uagb-block-86be50bb\"><p class=\"uagb-heading-text\">Sr Fabi\u00e1n  Castillo Alfaro y la se\u00f1ora Heilin M\u00e9ndez Hern\u00e1ndez. Quienes le apoyar\u00e1n y evacuar\u00e1 cualquier consulta que les formulen..<\/p><\/div>\n<\/div><\/div>\n\n\n\n<div class=\"wp-block-uagb-container uagb-block-b894dcf5 alignfull uagb-is-root-container\"><div class=\"uagb-container-inner-blocks-wrap\">\n<div class=\"wp-block-uagb-advanced-heading uagb-block-8b87ebf7\"><h2 class=\"uagb-heading-text\">Personal<\/h2><\/div>\n\n\n\n<div class=\"wp-block-uagb-advanced-heading uagb-block-33e6166d\"><p class=\"uagb-heading-text\">Contamos con personal altamente calificado quienes le  asesorar\u00e1n en cuanto los procesos, tr\u00e1mites que se les presenta en raz\u00f3n de un deceso, o traslado de restos.<\/p><\/div>\n<\/div><\/div>\n","protected":false},"excerpt":{"rendered":"<p>Nosotros \u00abLo que se siembra crece, lo que se entierra se olvida\u00ab Jardines del Sembrador Camposanto y Crematorio es una empresa pionera en ofrecer, en Coto Brus y en la zona sur , innovadores Servicios de cementerio , crematorio, columbarios, y osarios , los cuales facilitan y garantizan el mejor homenaje a todas esas vidas [&hellip;]<\/p>\n","protected":false},"author":1,"featured_media":0,"parent":0,"menu_order":0,"comment_status":"closed","ping_status":"closed","template":"","meta":{"_uag_custom_page_level_css":"","site-sidebar-layout":"no-sidebar","site-content-layout":"plain-container","ast-site-content-layout":"","site-content-style":"default","site-sidebar-style":"default","ast-global-header-display":"","ast-banner-title-visibility":"","ast-main-header-display":"","ast-hfb-above-header-display":"","ast-hfb-below-header-display":"","ast-hfb-mobile-header-display":"","site-post-title":"disabled","ast-breadcrumbs-content":"","ast-featured-img":"disabled","footer-sml-layout":"","theme-transparent-header-meta":"default","adv-header-id-meta":"","stick-header-meta":"","header-above-stick-meta":"","header-main-stick-meta":"","header-below-stick-meta":"","astra-migrate-meta-layouts":"default","ast-page-background-enabled":"default","ast-page-background-meta":{"desktop":{"background-color":"","background-image":"","background-repeat":"repeat","background-position":"center center","background-size":"auto","background-attachment":"scroll","background-type":"","background-media":"","overlay-type":"","overlay-color":"","overlay-opacity":"","overlay-gradient":""},"tablet":{"background-color":"","background-image":"","background-repeat":"repeat","background-position":"center center","background-size":"auto","background-attachment":"scroll","background-type":"","background-media":"","overlay-type":"","overlay-color":"","overlay-opacity":"","overlay-gradient":""},"mobile":{"background-color":"","background-image":"","background-repeat":"repeat","background-position":"center center","background-size":"auto","background-attachment":"scroll","background-type":"","background-media":"","overlay-type":"","overlay-color":"","overlay-opacity":"","overlay-gradient":""}},"ast-content-background-meta":{"desktop":{"background-color":"var(--ast-global-color-5)","background-image":"","background-repeat":"repeat","background-position":"center center","background-size":"auto","background-attachment":"scroll","background-type":"","background-media":"","overlay-type":"","overlay-color":"","overlay-opacity":"","overlay-gradient":""},"tablet":{"background-color":"var(--ast-global-color-5)","background-image":"","background-repeat":"repeat","background-position":"center center","background-size":"auto","background-attachment":"scroll","background-type":"","background-media":"","overlay-type":"","overlay-color":"","overlay-opacity":"","overlay-gradient":""},"mobile":{"background-color":"var(--ast-global-color-5)","background-image":"","background-repeat":"repeat","background-position":"center center","background-size":"auto","background-attachment":"scroll","background-type":"","background-media":"","overlay-type":"","overlay-color":"","overlay-opacity":"","overlay-gradient":""}},"footnotes":""},"class_list":["post-1368","page","type-page","status-publish","hentry"],"uagb_featured_image_src":{"full":false,"thumbnail":false,"medium":false,"medium_large":false,"large":false,"1536x1536":false,"2048x2048":false},"uagb_author_info":{"display_name":"Sembrador","author_link":"https:\/\/jardinesdelsembrador.com\/index.php\/author\/sembrador\/"},"uagb_comment_info":0,"uagb_excerpt":"Nosotros \u00abLo que se siembra crece, lo que se entierra se olvida\u00ab Jardines del Sembrador Camposanto y Crematorio es una empresa pionera en ofrecer, en Coto Brus y en la zona sur , innovadores Servicios de cementerio , crematorio, columbarios, y osarios , los cuales facilitan y garantizan el mejor homenaje a todas esas vidas&hellip;","_links":{"self":[{"href":"https:\/\/jardinesdelsembrador.com\/index.php\/wp-json\/wp\/v2\/pages\/1368","targetHints":{"allow":["GET"]}}],"collection":[{"href":"https:\/\/jardinesdelsembrador.com\/index.php\/wp-json\/wp\/v2\/pages"}],"about":[{"href":"https:\/\/jardinesdelsembrador.com\/index.php\/wp-json\/wp\/v2\/types\/page"}],"author":[{"embeddable":true,"href":"https:\/\/jardinesdelsembrador.com\/index.php\/wp-json\/wp\/v2\/users\/1"}],"replies":[{"embeddable":true,"href":"https:\/\/jardinesdelsembrador.com\/index.php\/wp-json\/wp\/v2\/comments?post=1368"}],"version-history":[{"count":13,"href":"https:\/\/jardinesdelsembrador.com\/index.php\/wp-json\/wp\/v2\/pages\/1368\/revisions"}],"predecessor-version":[{"id":2303,"href":"https:\/\/jardinesdelsembrador.com\/index.php\/wp-json\/wp\/v2\/pages\/1368\/revisions\/2303"}],"wp:attachment":[{"href":"https:\/\/jardinesdelsembrador.com\/index.php\/wp-json\/wp\/v2\/media?parent=1368"}],"curies":[{"name":"wp","href":"https:\/\/api.w.org\/{rel}","templated":true}]}}